{"id":18363,"date":"2016-10-04T12:53:53","date_gmt":"2016-10-04T11:53:53","guid":{"rendered":"http:\/\/materia.se\/de\/?page_id=18363"},"modified":"2018-03-07T19:56:20","modified_gmt":"2018-03-07T18:56:20","slug":"design-trifft-material","status":"publish","type":"page","link":"https:\/\/materia.se\/de\/uber-materia\/design-trifft-material\/","title":{"rendered":"Design trifft Material"},"content":{"rendered":"<p>Wir freuen uns, Ihnen unsere neue Materialbox pr\u00e4sentieren zu k\u00f6nnen. Wir hoffen, dass Sie diese Materialbox ganz einfach in Ihren Arbeitsprozess integrieren k\u00f6nnen, dass sie Ihnen Anregungen bietet und Sie damit leicht erkennen, wie unsere Standardlacke, Oberfl\u00e4chen und Holzarten auf unseren Produkten aussehen. Wenn Sie Farben vergleichen, abw\u00e4gen, welches Material Sie verwenden m\u00f6chten, oder u\u0308berlegen, welchen Eindruck zwei verschiedene Strukturen vermitteln, dann haben Sie mit unserer Materialbox in den meisten F\u00e4llen einen guten Anhaltspunkt. Gleichzeitig darf man nicht vergessen, dass es abh\u00e4ngig vom Material, auf das die Farbe aufgetragen wird, zu Farbabweichungen kommen kann. Dies gilt insbesondere fu\u0308r Holz, da es sich hierbei um ein lebendiges Material handelt.<\/p>\n<p>Wenn Sie Fragen haben, senden Sie uns gerne eine E-Mail an <a href=\"mailto:info@materia.se\">info@materia.se<\/a> oder wenden Sie sich an unsere Ansprechpartner. Sie finden <a href=\"http:\/\/materia.se\/de\/avdelning\/bestellungen-und-sales-support\/\" target=\"_blank\">die entsprechenden Kontaktdaten<\/a>.<\/p>\n<p><img loading=\"lazy\" decoding=\"async\" class=\"size-full wp-image-17231 alignleft\" src=\"http:\/\/materia.se\/wp-content\/uploads\/2016\/09\/materia_materialbox.jpg\" alt=\"materia_materialbox\" width=\"630\" height=\"300\" srcset=\"https:\/\/materia.se\/wp-content\/uploads\/2016\/09\/materia_materialbox.jpg 630w, https:\/\/materia.se\/wp-content\/uploads\/2016\/09\/materia_materialbox-300x143.jpg 300w, https:\/\/materia.se\/wp-content\/uploads\/2016\/09\/materia_materialbox-500x238.jpg 500w\" sizes=\"auto, (max-width: 630px) 100vw, 630px\" \/><\/p>\n<p>&nbsp;<\/p>\n<iframe src=\"\/\/docs.google.com\/viewer?url=http%3A%2F%2Fmateria.se%2Fwp-content%2Fuploads%2F2016%2F10%2FMaterialbox_metal-samples_2018_ty.pdf&hl=sv&embedded=true\" class=\"gde-frame\" style=\"width:100%; height:500px; border: none;\" scrolling=\"no\"><\/iframe>\n<p class=\"gde-text\"><a href=\"http:\/\/materia.se\/wp-content\/uploads\/2016\/10\/Materialbox_metal-samples_2018_ty.pdf\" class=\"gde-link\">Download (PDF, Unknown)<\/a><\/p>\n","protected":false},"excerpt":{"rendered":"<p>Wir freuen uns, Ihnen unsere neue Materialbox pr\u00e4sentieren zu k\u00f6nnen. Wir hoffen, dass Sie diese Materialbox ganz einfach in Ihren Arbeitsprozess integrieren k\u00f6nnen, dass sie Ihnen Anregungen bietet und Sie damit leicht erkennen, wie unsere Standardlacke, Oberfl\u00e4chen und Holzarten auf unseren Produkten aussehen. Wenn Sie Farben vergleichen, abw\u00e4gen, welches Material Sie verwenden m\u00f6chten, oder u\u0308berlegen, [&hellip;]<\/p>\n","protected":false},"author":4,"featured_media":0,"parent":8419,"menu_order":0,"comment_status":"closed","ping_status":"closed","template":"","meta":{"_acf_changed":false,"footnotes":""},"class_list":["post-18363","page","type-page","status-publish","hentry"],"acf":[],"_links":{"self":[{"href":"https:\/\/materia.se\/de\/wp-json\/wp\/v2\/pages\/18363","targetHints":{"allow":["GET"]}}],"collection":[{"href":"https:\/\/materia.se\/de\/wp-json\/wp\/v2\/pages"}],"about":[{"href":"https:\/\/materia.se\/de\/wp-json\/wp\/v2\/types\/page"}],"author":[{"embeddable":true,"href":"https:\/\/materia.se\/de\/wp-json\/wp\/v2\/users\/4"}],"replies":[{"embeddable":true,"href":"https:\/\/materia.se\/de\/wp-json\/wp\/v2\/comments?post=18363"}],"version-history":[{"count":2,"href":"https:\/\/materia.se\/de\/wp-json\/wp\/v2\/pages\/18363\/revisions"}],"predecessor-version":[{"id":37449,"href":"https:\/\/materia.se\/de\/wp-json\/wp\/v2\/pages\/18363\/revisions\/37449"}],"up":[{"embeddable":true,"href":"https:\/\/materia.se\/de\/wp-json\/wp\/v2\/pages\/8419"}],"wp:attachment":[{"href":"https:\/\/materia.se\/de\/wp-json\/wp\/v2\/media?parent=18363"}],"curies":[{"name":"wp","href":"https:\/\/api.w.org\/{rel}","templated":true}]}}