{"id":3892,"date":"2014-03-23T12:20:29","date_gmt":"2014-03-23T11:20:29","guid":{"rendered":"http:\/\/materia.se\/?page_id=3892"},"modified":"2021-04-26T10:01:25","modified_gmt":"2021-04-26T09:01:25","slug":"geschichte","status":"publish","type":"page","link":"https:\/\/materia.se\/de\/uber-materia\/geschichte\/","title":{"rendered":"Geschichte"},"content":{"rendered":"<p><center><big>Materia entwickelt und fertigt Designm\u00f6bel und Inneneinrichtung f\u00fcr kreative Meetingr\u00e4ume und dynamische Organisationen. F\u00fcr uns waren Kompromisse von Anfang an kein Thema. Wie wir bei der Umsetzung von Ideen denken? Unser Ansatz zeichnet sich durch innovatives Design aus, das die Nutzer in den Mittelpunkt stellt.<\/big><\/center><\/p>\n<p>Gegr\u00fcndet wurde Materia im Jahr 1992 von Kersti Sandin und Lars B\u00fclow, beide mit Abschl\u00fcssen in Architektur und Industriedesign. Ihre Kombination aus innovativer, auf den Benutzer konzentrierter Designphilosophie und v\u00f6lliger Kompromisslosigkeit bei Werkstoffen und Fertigungsverfahren war schnell erfolgreich. Heute geh\u00f6rt Materia zum Einrichtungskonzern Kinnarps. Ihre Raumideen und Produkte werden weltweit gerne verwendet. Reisen Sie mit durch unsere Geschichte.<\/p>\n<p>1992 \u2013 Gr\u00fcndung des B\u00fcros Materia in Stockholm.<br \/>\n1994 \u2013 Er\u00f6ffnung einer eigenen Fertigung in Tran\u00e5s.<br \/>\n1998 \u2013 Verlegung des Firmensitzes von Stockholm nach Tran\u00e5s. Gleichzeitig wird die \u201eblaue Fabrik\u201c \u00fcbernommen.<br \/>\n2002 \u2013 Die Mitarbeiterzahl w\u00e4chst und die Produktionsfl\u00e4che wird um die \u201egelbe Fabrik\u201c erweitert, in der Montage und Logistik untergebracht sind.<br \/>\n2004 \u2013 \u00dcbernahme von Materia durch Kinnarps. Materia bleibt als unabh\u00e4ngige Marke erhalten.<br \/>\n2008 \u2013 Einweihung eines neuen Werks im H\u00f6ganloft in Tran\u00e5s mit 7500 qm f\u00fcr Produktion, B\u00fcros und Ausstellungsr\u00e4ume.<br \/>\n2021 \u2013 2021 \u2013 Alle H\u00f6lzer, die wir in unseren M\u00f6belst\u00fccken verwenden, sind FSC\u00ae-zertifiziert<\/p>\n<p>Wir wachsen st\u00e4ndig, werden aber nie Erwachsene.<\/p>\n","protected":false},"excerpt":{"rendered":"<p>Materia entwickelt und fertigt Designm\u00f6bel und Inneneinrichtung f\u00fcr kreative Meetingr\u00e4ume und dynamische Organisationen. F\u00fcr uns waren Kompromisse von Anfang an kein Thema. Wie wir bei der Umsetzung von Ideen denken? Unser Ansatz zeichnet sich durch innovatives Design aus, das die Nutzer in den Mittelpunkt stellt. Gegr\u00fcndet wurde Materia im Jahr 1992 von Kersti Sandin und [&hellip;]<\/p>\n","protected":false},"author":4,"featured_media":0,"parent":8419,"menu_order":1,"comment_status":"closed","ping_status":"closed","template":"","meta":{"_acf_changed":false,"footnotes":""},"class_list":["post-3892","page","type-page","status-publish","hentry"],"acf":[],"_links":{"self":[{"href":"https:\/\/materia.se\/de\/wp-json\/wp\/v2\/pages\/3892","targetHints":{"allow":["GET"]}}],"collection":[{"href":"https:\/\/materia.se\/de\/wp-json\/wp\/v2\/pages"}],"about":[{"href":"https:\/\/materia.se\/de\/wp-json\/wp\/v2\/types\/page"}],"author":[{"embeddable":true,"href":"https:\/\/materia.se\/de\/wp-json\/wp\/v2\/users\/4"}],"replies":[{"embeddable":true,"href":"https:\/\/materia.se\/de\/wp-json\/wp\/v2\/comments?post=3892"}],"version-history":[{"count":9,"href":"https:\/\/materia.se\/de\/wp-json\/wp\/v2\/pages\/3892\/revisions"}],"predecessor-version":[{"id":56751,"href":"https:\/\/materia.se\/de\/wp-json\/wp\/v2\/pages\/3892\/revisions\/56751"}],"up":[{"embeddable":true,"href":"https:\/\/materia.se\/de\/wp-json\/wp\/v2\/pages\/8419"}],"wp:attachment":[{"href":"https:\/\/materia.se\/de\/wp-json\/wp\/v2\/media?parent=3892"}],"curies":[{"name":"wp","href":"https:\/\/api.w.org\/{rel}","templated":true}]}}