{"id":3894,"date":"2014-03-23T12:21:51","date_gmt":"2014-03-23T11:21:51","guid":{"rendered":"http:\/\/materia.se\/?page_id=3894"},"modified":"2025-11-14T15:02:53","modified_gmt":"2025-11-14T14:02:53","slug":"nachhaltigkeit","status":"publish","type":"page","link":"https:\/\/materia.se\/de\/uber-materia\/nachhaltigkeit\/","title":{"rendered":"Nachhaltigkeit"},"content":{"rendered":"<p><center><big>Wir nehmen den Umweltschutz und unsere soziale Verantwortung sehr ernst. Das zeigt sich unter anderem durch das Qualit\u00e4tssiegel M\u00f6belfakta und unsere FSC-Zertifizierung.<\/big><\/center><br \/>\nWir setzen auf innovatives Design setzen dies in unserem Werk in Tran\u00e5s kompromisslos um. Aber auch die Umwelt und soziale Verantwortung liegen uns sehr am Herzen. Ein einfacher Beitrag zum Umweltschutz besteht in der Auswahl regionaler Zulieferer mit kurzen Transportwegen. Wo immer dies m\u00f6glich ist, w\u00e4hlen wir diesen Weg. Wesentlich komplizierter ist die Arbeit mit dem G\u00fctesiegel M\u00f6belfakta. F\u00fcr diese Zertifizierung muss die Fertigung bei uns und unseren Zulieferern und Subunternehmen strengen Anforderungen in Bezug auf L\u00f6hne und Arbeitsschutz entsprechen. Weil wir dies f\u00fcr wichtig halten, kontrollieren wir sorgf\u00e4ltig, dass unsere Lieferanten &#8211; in Schweden und im Ausland &#8211; sich an die geltenden Vorschriften halten.<\/p>\n<p>Au\u00dferdem sind wir nach ISO 9001 und ISO 14001 zertifiziert &#8211; wie viele andere Unternehmen in unserer Branche. Umso ungew\u00f6hnlicher ist unser Zertifikat vom FSC\u00ae (Forest Stewardship Council). Das FSC-Label bedeutet, dass das Holz f\u00fcr unsere M\u00f6bel aus verantwortungsvoller Waldbewirtschaftung stammt. Empfindlich Waldbereiche und B\u00e4ume, die zur biologischen Vielfalt beitragen, werden geschont. Die Zertifizierung umfasst viele Aspekte, vom Schutz der Pflanzen und Tiere bis zu den Arbeitsbedingungen der Arbeiter, die das Holz f\u00e4llen, s\u00e4gen und transportieren. Der FSC\u00ae pr\u00fcft alle Glieder der Lieferkette, damit Sie als Verbraucher beim Kauf eines zertifizierten Produkts wissen, was sie bekommen.<\/p>\n<p>Endlich k\u00f6nnen wir stolz darauf sein, die Anforderungen von OHSAS 18001 zu erf\u00fcllen. Hierbei handelt es sich um eine internationale Zertifizierung f\u00fcr Arbeitsschutz und Gesundheit, die best\u00e4tigt, dass wir alle Arbeitsschutzgesetze einhalten und uns f\u00fcr das Wohlbefinden und die Sicherheit unserer Mitarbeiter einsetzen. F\u00fcr die Zertifizierung erfolgt eine \u00dcberpr\u00fcfung unseres Managementsystems, was dazu beitr\u00e4gt, unsere Gesch\u00e4ftst\u00e4tigkeit weiterzuentwickeln und in Zukunft einen noch besseren Arbeitsplatz zu bieten.<\/p>\n<p><b>Zertifikat, Politik &amp; Instruktionen:<br \/>\n<\/b><a href=\"http:\/\/materia.se\/wp-content\/uploads\/2025\/04\/Kinnarps-Materia-AB-9K-14K.pdf\">ISO 9001 and ISO 14001<\/a><br \/>\n<a href=\"http:\/\/materia.se\/wp-content\/uploads\/2025\/04\/Kinnarps-AB-45k-2025-sve.pdf\">ISO 45001<\/a><a href=\"http:\/\/materia.se\/wp-content\/uploads\/2016\/03\/Materia-14001-Eng-2016.pdf\"><br \/>\n<\/a><a href=\"http:\/\/materia.se\/wp-content\/uploads\/2025\/11\/Kinnarps-AB-BV-COC-051206-2025.pdf\">FSC\u00ae<\/a><br \/>\n<a href=\"http:\/\/materia.se\/wp-content\/uploads\/2019\/09\/MATERIA-Nachhaltigkeitsrichtlinie-Version-3.0-DE.pdf\">Nachhaltigkeitspolitik<\/a><br \/>\n<a href=\"http:\/\/materia.se\/de\/uber-materia\/nachhaltigkeit\/materia-re-loved\/\">Materia re-loved<\/a><br \/>\n<a href=\"http:\/\/materia.se\/de\/we-support-the-sustainable-development-goals\/\">Sustainable Development Goals<br \/>\n<\/a><a href=\"http:\/\/materia.se\/wp-content\/uploads\/2020\/10\/sk\u00f6tselr\u00e5d_DE.pdf\">Pflegehinweise<\/a><\/p>\n<p><b>Zertifizierten Produkten:<\/b><br \/>\n(Klicken Sie auf das Logo um alle zertifizierten Produkten zu sehen)<\/p>\n<p><a href=\"http:\/\/materia.se\/de\/produktmarkning\/fsc-de\/\"><img loading=\"lazy\" decoding=\"async\" class=\"alignnone wp-image-61755\" src=\"http:\/\/materia.se\/wp-content\/uploads\/2021\/10\/FSC_C010544_Promotional_with_text_Portrait_BlackOnWhite_r_6FCIIT-300x300.jpg\" alt=\"\" width=\"250\" height=\"250\" srcset=\"https:\/\/materia.se\/wp-content\/uploads\/2021\/10\/FSC_C010544_Promotional_with_text_Portrait_BlackOnWhite_r_6FCIIT-300x300.jpg 300w, https:\/\/materia.se\/wp-content\/uploads\/2021\/10\/FSC_C010544_Promotional_with_text_Portrait_BlackOnWhite_r_6FCIIT-150x150.jpg 150w, https:\/\/materia.se\/wp-content\/uploads\/2021\/10\/FSC_C010544_Promotional_with_text_Portrait_BlackOnWhite_r_6FCIIT-210x210.jpg 210w, https:\/\/materia.se\/wp-content\/uploads\/2021\/10\/FSC_C010544_Promotional_with_text_Portrait_BlackOnWhite_r_6FCIIT-125x125.jpg 125w, https:\/\/materia.se\/wp-content\/uploads\/2021\/10\/FSC_C010544_Promotional_with_text_Portrait_BlackOnWhite_r_6FCIIT-70x70.jpg 70w, https:\/\/materia.se\/wp-content\/uploads\/2021\/10\/FSC_C010544_Promotional_with_text_Portrait_BlackOnWhite_r_6FCIIT-40x40.jpg 40w, https:\/\/materia.se\/wp-content\/uploads\/2021\/10\/FSC_C010544_Promotional_with_text_Portrait_BlackOnWhite_r_6FCIIT.jpg 450w\" sizes=\"auto, (max-width: 250px) 100vw, 250px\" \/><\/a><a href=\"https:\/\/materia.se\/de\/produktmarkning\/mobelfakta-de\/\"><img loading=\"lazy\" decoding=\"async\" class=\"alignnone size-medium wp-image-76727\" src=\"http:\/\/materia.se\/wp-content\/uploads\/2025\/10\/Mobelfakta_Logo_2025_svart-300x34.png\" alt=\"\" width=\"300\" height=\"34\" srcset=\"https:\/\/materia.se\/wp-content\/uploads\/2025\/10\/Mobelfakta_Logo_2025_svart-300x34.png 300w, https:\/\/materia.se\/wp-content\/uploads\/2025\/10\/Mobelfakta_Logo_2025_svart-1024x116.png 1024w, https:\/\/materia.se\/wp-content\/uploads\/2025\/10\/Mobelfakta_Logo_2025_svart-768x87.png 768w, https:\/\/materia.se\/wp-content\/uploads\/2025\/10\/Mobelfakta_Logo_2025_svart-1536x174.png 1536w, https:\/\/materia.se\/wp-content\/uploads\/2025\/10\/Mobelfakta_Logo_2025_svart-2048x232.png 2048w, https:\/\/materia.se\/wp-content\/uploads\/2025\/10\/Mobelfakta_Logo_2025_svart-640x72.png 640w, https:\/\/materia.se\/wp-content\/uploads\/2025\/10\/Mobelfakta_Logo_2025_svart-500x57.png 500w\" sizes=\"auto, (max-width: 300px) 100vw, 300px\" \/><\/a><\/p>\n","protected":false},"excerpt":{"rendered":"<p>Wir nehmen den Umweltschutz und unsere soziale Verantwortung sehr ernst. Das zeigt sich unter anderem durch das Qualit\u00e4tssiegel M\u00f6belfakta und unsere FSC-Zertifizierung. Wir setzen auf innovatives Design setzen dies in unserem Werk in Tran\u00e5s kompromisslos um. Aber auch die Umwelt und soziale Verantwortung liegen uns sehr am Herzen. Ein einfacher Beitrag zum Umweltschutz besteht in [&hellip;]<\/p>\n","protected":false},"author":4,"featured_media":0,"parent":8419,"menu_order":2,"comment_status":"closed","ping_status":"closed","template":"","meta":{"_acf_changed":false,"footnotes":""},"class_list":["post-3894","page","type-page","status-publish","hentry"],"acf":[],"_links":{"self":[{"href":"https:\/\/materia.se\/de\/wp-json\/wp\/v2\/pages\/3894","targetHints":{"allow":["GET"]}}],"collection":[{"href":"https:\/\/materia.se\/de\/wp-json\/wp\/v2\/pages"}],"about":[{"href":"https:\/\/materia.se\/de\/wp-json\/wp\/v2\/types\/page"}],"author":[{"embeddable":true,"href":"https:\/\/materia.se\/de\/wp-json\/wp\/v2\/users\/4"}],"replies":[{"embeddable":true,"href":"https:\/\/materia.se\/de\/wp-json\/wp\/v2\/comments?post=3894"}],"version-history":[{"count":24,"href":"https:\/\/materia.se\/de\/wp-json\/wp\/v2\/pages\/3894\/revisions"}],"predecessor-version":[{"id":77016,"href":"https:\/\/materia.se\/de\/wp-json\/wp\/v2\/pages\/3894\/revisions\/77016"}],"up":[{"embeddable":true,"href":"https:\/\/materia.se\/de\/wp-json\/wp\/v2\/pages\/8419"}],"wp:attachment":[{"href":"https:\/\/materia.se\/de\/wp-json\/wp\/v2\/media?parent=3894"}],"curies":[{"name":"wp","href":"https:\/\/api.w.org\/{rel}","templated":true}]}}