{"id":3896,"date":"2014-03-23T12:23:01","date_gmt":"2014-03-23T11:23:01","guid":{"rendered":"http:\/\/materia.se\/?page_id=3896"},"modified":"2024-04-02T08:21:31","modified_gmt":"2024-04-02T07:21:31","slug":"broschuren","status":"publish","type":"page","link":"https:\/\/materia.se\/de\/uber-materia\/broschuren\/","title":{"rendered":"Brosch\u00fcren"},"content":{"rendered":"<p><center>Bitte bl\u00e4ttern Sie gern unsere Prospekte durch. Klicken Sie einfach auf die Brosch\u00fcre, die Sie lesen m\u00f6chten. Wenn Sie die Brosch\u00fcre als pdf speichern m\u00f6chten, dr\u00fccken Sie auf das Symbol \u201eteilen\u201c und w\u00e4hlen sie herunterladen. (Sie k\u00f6nnen unsere Brosch\u00fcren aber nat\u00fcrlich auch per E-Mail oder telefonisch unter +46-(0)140-38 56 00 als Drucksache bestellen)<\/center><center><\/p>\n<p><center><\/center><center><iframe style=\"border: none; width: 400px; height: 300px;\" src=\"https:\/\/e.issuu.com\/embed.html?\nbackgroundColor=%23ededed&amp;backgroundColorFullscreen=%23ededed&amp;d=materia_inspiring_educational_environments&amp;hideIssuuLogo=true&amp;u=materia_ab\"><span data-mce-type=\"bookmark\" style=\"display: inline-block; width: 0px; overflow: hidden; line-height: 0;\" class=\"mce_SELRES_start\">\ufeff<\/span><span data-mce-type=\"bookmark\" style=\"display: inline-block; width: 0px; overflow: hidden; line-height: 0;\" class=\"mce_SELRES_start\">\ufeff<\/span><span data-mce-type=\"bookmark\" style=\"display: inline-block; width: 0px; overflow: hidden; line-height: 0;\" class=\"mce_SELRES_start\">\ufeff<\/span><span data-mce-type=\"bookmark\" style=\"display: inline-block; width: 0px; overflow: hidden; line-height: 0;\" class=\"mce_SELRES_start\">\ufeff<\/span><span data-mce-type=\"bookmark\" style=\"display: inline-block; width: 0px; overflow: hidden; line-height: 0;\" class=\"mce_SELRES_start\">\ufeff<\/span><\/iframe><\/center><center><a href=\"http:\/\/materia.se\/wp-content\/uploads\/2024\/04\/MATERIA_Inspiring-educational-environments-1.pdf\"><i>Download<\/i><\/a><\/center><center><\/center><center><\/center><\/p>\n<p><center><iframe style=\"border: none; width: 400px; height: 300px;\" src=\"https:\/\/e.issuu.com\/embed.html?backgroundColor=%23ededed&amp;backgroundColorFullscreen=%23ededed&amp;d=materia_palette_soho_855x148_de&amp;hideIssuuLogo=true&amp;u=materia_ab\"><span data-mce-type=\"bookmark\" style=\"display: inline-block; width: 0px; overflow: hidden; line-height: 0;\" class=\"mce_SELRES_start\">\ufeff<\/span><span data-mce-type=\"bookmark\" style=\"display: inline-block; width: 0px; overflow: hidden; line-height: 0;\" class=\"mce_SELRES_start\">\ufeff<\/span><\/iframe><\/center><center><a href=\"http:\/\/materia.se\/wp-content\/uploads\/2024\/03\/Materia_Palette_Soho_855x148_DE.pdf\"><i>Download<\/i><\/a><\/center><\/p>\n<p><center><iframe style=\"border: none; width: 400px; height: 300px;\" src=\"https:\/\/e.issuu.com\/embed.html?backgroundColor=%23ededed&#038;d=materia_broschure_fr_hjahrsneuheiten_2023&#038;hideIssuuLogo=true&#038;u=materia_ab\"><span data-mce-type=\"bookmark\" style=\"display: inline-block; width: 0px; overflow: hidden; line-height: 0;\" class=\"mce_SELRES_start\">\ufeff<\/span><\/iframe><\/center><center><a href=\"http:\/\/materia.se\/wp-content\/uploads\/2023\/02\/MATERIA_Broschure_Fr\u00fchjahrsneuheiten-2023.pdf\"><i>Download<\/i><\/a><\/center><\/p>\n<p><center><iframe style=\"border: none; width: 400px; height: 300px;\" src=\"https:\/\/e.issuu.com\/embed.html?backgroundColor=%23ebebeb&amp;backgroundColorFullscreen=%23ebebeb&amp;d=oas_broschyr_2022_de&amp;hideIssuuLogo=true&amp;u=materia_ab\"><\/iframe><\/center><center><a href=\"http:\/\/materia.se\/wp-content\/uploads\/2023\/02\/MATERIA_Oas-Broschure-2022.pdf\"><i>Download<\/i><\/a><\/center><\/center><\/p>\n<p><center><iframe style=\"border: none; width: 400px; height: 300px;\" src=\"https:\/\/e.issuu.com\/embed.html?backgroundColor=%23E6E6E6&amp;backgroundColorFullscreen=%23E6E6E6&amp;d=materia_overview_collection_2022_en&amp;hideIssuuLogo=true&amp;u=materia_ab\"><\/iframe><\/center><center><a href=\"http:\/\/materia.se\/wp-content\/uploads\/2022\/04\/Materia_overview_collection_2022_EN.pdf\"><i>Download<\/i><\/a><\/center><center><\/p>\n<p><\/center><center><iframe style=\"border: none; width: 400px; height: 300px;\" src=\"https:\/\/e.issuu.com\/embed.html?backgroundColor=%23E6E6E6&amp;backgroundColorFullscreen=%23E6E6E6&amp;d=veckla_h_stnyheter_2021_en&amp;hideIssuuLogo=true&amp;u=materia_ab\"><\/iframe><br \/>\n<em><a href=\"http:\/\/materia.se\/wp-content\/uploads\/2021\/10\/MATERIA-new-products-autumn-2021.pdf\" target=\"_blank\" rel=\"noopener noreferrer\">Download<\/a><\/em><\/center><\/p>\n<p><center><iframe style=\"border: none; width: 400px; height: 300px;\" src=\"\/\/e.issuu.com\/embed.html?backgroundColor=%23E6E6E6&amp;backgroundColorFullscreen=%23E6E6E6&amp;d=neuheiten_2021&amp;hideIssuuLogo=true&amp;u=materia_ab\" allowfullscreen=\"allowfullscreen\"><\/iframe><br \/>\n<em><a href=\"http:\/\/materia.se\/wp-content\/uploads\/2021\/04\/MATERIA-Neue-Produkten-2021-1.pdf\" target=\"_blank\" rel=\"noopener noreferrer\">Download<\/a><\/em><\/center><\/p>\n<p><center><iframe style=\"border: none; width: 400px; height: 300px;\" src=\"\/\/e.issuu.com\/embed.html?backgroundColor=%23E6E6E6&amp;backgroundColorFullscreen=%23E6E6E6&amp;d=materia_neuheiten_2020&amp;hideIssuuLogo=true&amp;u=materia_ab\" allowfullscreen=\"allowfullscreen\"><\/iframe><br \/>\n<em><a href=\"http:\/\/materia.se\/wp-content\/uploads\/2020\/03\/Materia_Neuheiten-2020.pdf\" target=\"_blank\" rel=\"noopener noreferrer\">Download<\/a><\/em><\/center><\/p>\n<p><center><iframe style=\"border: none; width: 400px; height: 300px;\" src=\"\/\/e.issuu.com\/embed.html?backgroundColor=%23E6E6E6&amp;backgroundColorFullscreen=%23E6E6E6&amp;d=materia_colours_by_materia_en&amp;hideIssuuLogo=true&amp;u=materia_ab\" allowfullscreen=\"allowfullscreen\"><\/iframe><br \/>\n<em><a href=\"http:\/\/materia.se\/wp-content\/uploads\/2021\/04\/MATERIA_CbM_en.pdf\" target=\"_blank\" rel=\"noopener noreferrer\">Download<\/a><\/em><\/center><\/p>\n<p><center><iframe style=\"border: none; width: 400px; height: 300px;\" src=\"\/\/e.issuu.com\/embed.html?backgroundColor=%23E6E6E6&amp;backgroundColorFullscreen=%23E6E6E6&amp;d=materia_newcomer_2020_en&amp;hideIssuuLogo=true&amp;u=materia_ab\" allowfullscreen=\"allowfullscreen\"><\/iframe><br \/>\n<em><a href=\"http:\/\/materia.se\/wp-content\/uploads\/2020\/03\/Materia_Newcomer-2020_en.pdf\" target=\"_blank\" rel=\"noopener noreferrer\">Download<\/a><\/em><\/center>&nbsp;<\/p>\n","protected":false},"excerpt":{"rendered":"<p>Bitte bl\u00e4ttern Sie gern unsere Prospekte durch. Klicken Sie einfach auf die Brosch\u00fcre, die Sie lesen m\u00f6chten. Wenn Sie die Brosch\u00fcre als pdf speichern m\u00f6chten, dr\u00fccken Sie auf das Symbol \u201eteilen\u201c und w\u00e4hlen sie herunterladen. (Sie k\u00f6nnen unsere Brosch\u00fcren aber nat\u00fcrlich auch per E-Mail oder telefonisch unter +46-(0)140-38 56 00 als Drucksache bestellen) \ufeff\ufeff\ufeff\ufeff\ufeffDownload \ufeff\ufeffDownload [&hellip;]<\/p>\n","protected":false},"author":4,"featured_media":0,"parent":8419,"menu_order":5,"comment_status":"closed","ping_status":"closed","template":"","meta":{"_acf_changed":false,"footnotes":""},"class_list":["post-3896","page","type-page","status-publish","hentry"],"acf":[],"_links":{"self":[{"href":"https:\/\/materia.se\/de\/wp-json\/wp\/v2\/pages\/3896","targetHints":{"allow":["GET"]}}],"collection":[{"href":"https:\/\/materia.se\/de\/wp-json\/wp\/v2\/pages"}],"about":[{"href":"https:\/\/materia.se\/de\/wp-json\/wp\/v2\/types\/page"}],"author":[{"embeddable":true,"href":"https:\/\/materia.se\/de\/wp-json\/wp\/v2\/users\/4"}],"replies":[{"embeddable":true,"href":"https:\/\/materia.se\/de\/wp-json\/wp\/v2\/comments?post=3896"}],"version-history":[{"count":34,"href":"https:\/\/materia.se\/de\/wp-json\/wp\/v2\/pages\/3896\/revisions"}],"predecessor-version":[{"id":72243,"href":"https:\/\/materia.se\/de\/wp-json\/wp\/v2\/pages\/3896\/revisions\/72243"}],"up":[{"embeddable":true,"href":"https:\/\/materia.se\/de\/wp-json\/wp\/v2\/pages\/8419"}],"wp:attachment":[{"href":"https:\/\/materia.se\/de\/wp-json\/wp\/v2\/media?parent=3896"}],"curies":[{"name":"wp","href":"https:\/\/api.w.org\/{rel}","templated":true}]}}