{"id":69608,"date":"2023-09-04T19:48:27","date_gmt":"2023-09-04T18:48:27","guid":{"rendered":"http:\/\/materia.se\/uber-materia\/nachhaltigkeit\/materia-re-loved\/"},"modified":"2023-12-11T15:16:29","modified_gmt":"2023-12-11T14:16:29","slug":"materia-re-loved","status":"publish","type":"page","link":"https:\/\/materia.se\/de\/uber-materia\/nachhaltigkeit\/materia-re-loved\/","title":{"rendered":"Materia re-loved"},"content":{"rendered":"<p>\u201eMateria re-loved\u201c ist ein einzigartiges Recycling-Projekt, in dessen Rahmen wir anbieten, Materia-M\u00f6bel zur\u00fcckzunehmen und neu zu beziehen. Das Produkt erh\u00e4lt dann unser eigenes gr\u00fcnes Etikett, das anzeigt, dass es Teil der langfristigen Nachhaltigkeitsarbeit von Materia ist. Die Garantiezeit ist selbstverst\u00e4ndlich die gleiche wie f\u00fcr neu hergestellte Produkte, also f\u00fcnf Jahre, und gilt f\u00fcr unsere ausgef\u00fchrten Arbeiten. Mit \u201eMateria re-loved\u201c verl\u00e4ngern wir nicht nur den Lebenszyklus unserer Produkte, sondern tragen auch zu einer besseren Umwelt und einer nachhaltigen Zukunft bei. Das macht uns sehr stolz.<\/p>\n<p>Die Auswahl der Produkte, die unter das Recyclingprojekt \u201eMateria re-loved\u201c fallen, finden Sie <strong><a href=\"http:\/\/materia.se\/de\/produktmarkning\/materia-reloved-de\/\">hier.<\/a><\/strong><\/p>\n<p>Wenn Sie ein Projekt haben, das Ihrer Meinung nach zu \u201eMateria re-loved\u201c passt, senden Sie uns eine E-Mail an re-loved@materia.se oder kontaktieren Sie unseren Kundendienst.<\/p>\n<p><a href=\"http:\/\/materia.se\/wp-content\/uploads\/2023\/12\/MATERIA-re-loved.jpg\"><img loading=\"lazy\" decoding=\"async\" class=\"alignnone wp-image-70591 size-full\" src=\"http:\/\/materia.se\/wp-content\/uploads\/2023\/12\/MATERIA-re-loved.jpg\" alt=\"\" width=\"1200\" height=\"1000\" srcset=\"https:\/\/materia.se\/wp-content\/uploads\/2023\/12\/MATERIA-re-loved.jpg 1200w, https:\/\/materia.se\/wp-content\/uploads\/2023\/12\/MATERIA-re-loved-300x250.jpg 300w, https:\/\/materia.se\/wp-content\/uploads\/2023\/12\/MATERIA-re-loved-1024x853.jpg 1024w, https:\/\/materia.se\/wp-content\/uploads\/2023\/12\/MATERIA-re-loved-768x640.jpg 768w, https:\/\/materia.se\/wp-content\/uploads\/2023\/12\/MATERIA-re-loved-640x533.jpg 640w, https:\/\/materia.se\/wp-content\/uploads\/2023\/12\/MATERIA-re-loved-500x417.jpg 500w\" sizes=\"auto, (max-width: 1200px) 100vw, 1200px\" \/><\/a><\/p>\n","protected":false},"excerpt":{"rendered":"<p>\u201eMateria re-loved\u201c ist ein einzigartiges Recycling-Projekt, in dessen Rahmen wir anbieten, Materia-M\u00f6bel zur\u00fcckzunehmen und neu zu beziehen. Das Produkt erh\u00e4lt dann unser eigenes gr\u00fcnes Etikett, das anzeigt, dass es Teil der langfristigen Nachhaltigkeitsarbeit von Materia ist. Die Garantiezeit ist selbstverst\u00e4ndlich die gleiche wie f\u00fcr neu hergestellte Produkte, also f\u00fcnf Jahre, und gilt f\u00fcr unsere ausgef\u00fchrten [&hellip;]<\/p>\n","protected":false},"author":10,"featured_media":0,"parent":3894,"menu_order":0,"comment_status":"closed","ping_status":"closed","template":"","meta":{"_acf_changed":false,"footnotes":""},"class_list":["post-69608","page","type-page","status-publish","hentry"],"acf":[],"_links":{"self":[{"href":"https:\/\/materia.se\/de\/wp-json\/wp\/v2\/pages\/69608","targetHints":{"allow":["GET"]}}],"collection":[{"href":"https:\/\/materia.se\/de\/wp-json\/wp\/v2\/pages"}],"about":[{"href":"https:\/\/materia.se\/de\/wp-json\/wp\/v2\/types\/page"}],"author":[{"embeddable":true,"href":"https:\/\/materia.se\/de\/wp-json\/wp\/v2\/users\/10"}],"replies":[{"embeddable":true,"href":"https:\/\/materia.se\/de\/wp-json\/wp\/v2\/comments?post=69608"}],"version-history":[{"count":4,"href":"https:\/\/materia.se\/de\/wp-json\/wp\/v2\/pages\/69608\/revisions"}],"predecessor-version":[{"id":70595,"href":"https:\/\/materia.se\/de\/wp-json\/wp\/v2\/pages\/69608\/revisions\/70595"}],"up":[{"embeddable":true,"href":"https:\/\/materia.se\/de\/wp-json\/wp\/v2\/pages\/3894"}],"wp:attachment":[{"href":"https:\/\/materia.se\/de\/wp-json\/wp\/v2\/media?parent=69608"}],"curies":[{"name":"wp","href":"https:\/\/api.w.org\/{rel}","templated":true}]}}