{"id":8419,"date":"2014-09-25T12:52:40","date_gmt":"2014-09-25T11:52:40","guid":{"rendered":"http:\/\/materia.se\/?page_id=8419"},"modified":"2024-03-18T14:02:14","modified_gmt":"2024-03-18T13:02:14","slug":"uber-materia","status":"publish","type":"page","link":"https:\/\/materia.se\/de\/uber-materia\/","title":{"rendered":"\u00dcber Materia"},"content":{"rendered":"<p><center>Lernen Sie uns kennen!<\/center><center>Hier finden Sie weiterf\u00fchrende Informationen \u00fcber uns, unsere Philosophie und aktuelle Entwicklungen bei Materia. Die beste M\u00f6glichkeit uns richtig kennenzulernen, ist jedoch, uns in Tran\u00e5s zu besuchen!<br \/>\nUnser Hauptsitz ist auch unser Produktionsstandort mit B\u00fcros und Showroom.<\/center><\/p>\n","protected":false},"excerpt":{"rendered":"<p>Lernen Sie uns kennen!Hier finden Sie weiterf\u00fchrende Informationen \u00fcber uns, unsere Philosophie und aktuelle Entwicklungen bei Materia. Die beste M\u00f6glichkeit uns richtig kennenzulernen, ist jedoch, uns in Tran\u00e5s zu besuchen! Unser Hauptsitz ist auch unser Produktionsstandort mit B\u00fcros und Showroom.<\/p>\n","protected":false},"author":4,"featured_media":0,"parent":0,"menu_order":5,"comment_status":"closed","ping_status":"closed","template":"template-page-boxes.php","meta":{"_acf_changed":false,"footnotes":""},"class_list":["post-8419","page","type-page","status-publish","hentry"],"acf":[],"_links":{"self":[{"href":"https:\/\/materia.se\/de\/wp-json\/wp\/v2\/pages\/8419","targetHints":{"allow":["GET"]}}],"collection":[{"href":"https:\/\/materia.se\/de\/wp-json\/wp\/v2\/pages"}],"about":[{"href":"https:\/\/materia.se\/de\/wp-json\/wp\/v2\/types\/page"}],"author":[{"embeddable":true,"href":"https:\/\/materia.se\/de\/wp-json\/wp\/v2\/users\/4"}],"replies":[{"embeddable":true,"href":"https:\/\/materia.se\/de\/wp-json\/wp\/v2\/comments?post=8419"}],"version-history":[{"count":13,"href":"https:\/\/materia.se\/de\/wp-json\/wp\/v2\/pages\/8419\/revisions"}],"predecessor-version":[{"id":71768,"href":"https:\/\/materia.se\/de\/wp-json\/wp\/v2\/pages\/8419\/revisions\/71768"}],"wp:attachment":[{"href":"https:\/\/materia.se\/de\/wp-json\/wp\/v2\/media?parent=8419"}],"curies":[{"name":"wp","href":"https:\/\/api.w.org\/{rel}","templated":true}]}}