{"id":35921,"date":"2014-09-25T12:52:40","date_gmt":"2014-09-25T11:52:40","guid":{"rendered":"http:\/\/materia.se\/om-materia\/"},"modified":"2024-03-18T14:01:52","modified_gmt":"2024-03-18T13:01:52","slug":"a-propos-de-materia","status":"publish","type":"page","link":"https:\/\/materia.se\/fr\/a-propos-de-materia\/","title":{"rendered":"\u00c0 propos de Materia"},"content":{"rendered":"<p><center>Bienvenue sur cette page dont l&#8217;objectif est de vous pr\u00e9senter Materia. Vous y trouverez des informations compl\u00e9mentaires concernant l&#8217;entreprise Materia, sa philosophie et son actualit\u00e9. Il n&#8217;y a en fait qu&#8217;une seule fa\u00e7on d&#8217;encore mieux nous conna\u00eetre\u00a0: venir nous dire bonjour \u00e0 Tran\u00e5s\u00a0! C&#8217;est dans cette ville que nous avons install\u00e9 notre si\u00e8ge, mais aussi nos infrastructures de production, nos bureaux et un showroom.<\/center>&nbsp;<\/p>\n","protected":false},"excerpt":{"rendered":"<p>Bienvenue sur cette page dont l&#8217;objectif est de vous pr\u00e9senter Materia. Vous y trouverez des informations compl\u00e9mentaires concernant l&#8217;entreprise Materia, sa philosophie et son actualit\u00e9. Il n&#8217;y a en fait qu&#8217;une seule fa\u00e7on d&#8217;encore mieux nous conna\u00eetre\u00a0: venir nous dire bonjour \u00e0 Tran\u00e5s\u00a0! C&#8217;est dans cette ville que nous avons install\u00e9 notre si\u00e8ge, mais aussi [&hellip;]<\/p>\n","protected":false},"author":4,"featured_media":0,"parent":0,"menu_order":5,"comment_status":"closed","ping_status":"closed","template":"template-page-boxes.php","meta":{"_acf_changed":false,"footnotes":""},"class_list":["post-35921","page","type-page","status-publish","hentry"],"acf":[],"_links":{"self":[{"href":"https:\/\/materia.se\/fr\/wp-json\/wp\/v2\/pages\/35921","targetHints":{"allow":["GET"]}}],"collection":[{"href":"https:\/\/materia.se\/fr\/wp-json\/wp\/v2\/pages"}],"about":[{"href":"https:\/\/materia.se\/fr\/wp-json\/wp\/v2\/types\/page"}],"author":[{"embeddable":true,"href":"https:\/\/materia.se\/fr\/wp-json\/wp\/v2\/users\/4"}],"replies":[{"embeddable":true,"href":"https:\/\/materia.se\/fr\/wp-json\/wp\/v2\/comments?post=35921"}],"version-history":[{"count":20,"href":"https:\/\/materia.se\/fr\/wp-json\/wp\/v2\/pages\/35921\/revisions"}],"predecessor-version":[{"id":71767,"href":"https:\/\/materia.se\/fr\/wp-json\/wp\/v2\/pages\/35921\/revisions\/71767"}],"wp:attachment":[{"href":"https:\/\/materia.se\/fr\/wp-json\/wp\/v2\/media?parent=35921"}],"curies":[{"name":"wp","href":"https:\/\/api.w.org\/{rel}","templated":true}]}}