{"id":35923,"date":"2014-01-25T09:46:58","date_gmt":"2014-01-25T08:46:58","guid":{"rendered":"http:\/\/materia.se\/om-materia\/historia\/"},"modified":"2021-04-26T10:06:40","modified_gmt":"2021-04-26T09:06:40","slug":"notre-histoire","status":"publish","type":"page","link":"https:\/\/materia.se\/fr\/a-propos-de-materia\/notre-histoire\/","title":{"rendered":"Notre histoire"},"content":{"rendered":"<p><center><big>Materia d\u00e9veloppe et fabrique des meubles et d\u00e9tails d&#8217;am\u00e9nagement bien pens\u00e9s destin\u00e9s aux lieux de rencontre cr\u00e9atifs et processus dynamiques. Nous avons toujours refus\u00e9 tout compromis, m\u00eame \u00e0 nos d\u00e9buts. Notre approche se caract\u00e9rise par une conception innovante qui place l&#8217;utilisateur au centre. Voil\u00e0 comment nous r\u00e9fl\u00e9chissons lorsque nous concr\u00e9tisons des id\u00e9es.<\/p>\n<p>L\u2019entreprise Materia a \u00e9t\u00e9 fond\u00e9e en 1992 par Kersti Sandin et Lars B\u00fclow, tous deux architectes et designers industriels. Leur philosophie de design innovante ax\u00e9e sur l\u2019utilisateur et leur refus total de faire des compromis dans le choix des mat\u00e9riaux et des m\u00e9thodes de fabrication a rencontr\u00e9 un succ\u00e8s rapide. Materia fait d\u00e9sormais partie du groupe Kinnarps, sp\u00e9cialiste de l\u2019ameublement. Nos produits et concepts de r\u00e9union sont utilis\u00e9s partout dans le monde. Nous retra\u00e7ons ici pour vous les moments marquants de notre histoire.<\/p>\n<p>1992 \u2013 Cr\u00e9ation de Materia \u00e0 Stockholm.<br \/>\n1994 \u2013 Lancement de la production propre \u00e0 Tran\u00e5s.<br \/>\n1998 \u2013 Transfert du si\u00e8ge de Stockholm \u00e0 Tran\u00e5s et acquisition de l&#8217;\u00ab usine bleue \u00bb.<br \/>\n2002 \u2013 Augmentation du nombre d&#8217;employ\u00e9s et expansion des infrastructures de production avec l&#8217;\u00ab usine bleue \u00bb pour le montage et la logistique.<br \/>\n2004 \u2013 Rachat par Kinnarps ; Materia devient une marque ind\u00e9pendante du groupe.<br \/>\n2008 \u2013 Inauguration de la nouvelle usine \u00e0 H\u00f6ganloft, \u00e0 Tran\u00e5s : 7 500 m\u00e8tres carr\u00e9s d&#8217;espaces de production, de bureaux et de showroom.<br \/>\n2021 \u2013 Tout le bois que nous utilisons dans nos meubles et d\u00e9tails d&#8217;am\u00e9nagement est certifi\u00e9 FSC\u00ae.<\/p>\n<p>Car si nous n\u2019avons de cesse de grandir et de nous d\u00e9velopper, nous refusons de m\u00fbrir.<\/p>\n<p>&nbsp;<\/p>\n","protected":false},"excerpt":{"rendered":"<p>Materia d\u00e9veloppe et fabrique des meubles et d\u00e9tails d&#8217;am\u00e9nagement bien pens\u00e9s destin\u00e9s aux lieux de rencontre cr\u00e9atifs et processus dynamiques. Nous avons toujours refus\u00e9 tout compromis, m\u00eame \u00e0 nos d\u00e9buts. Notre approche se caract\u00e9rise par une conception innovante qui place l&#8217;utilisateur au centre. Voil\u00e0 comment nous r\u00e9fl\u00e9chissons lorsque nous concr\u00e9tisons des id\u00e9es. L\u2019entreprise Materia a [&hellip;]<\/p>\n","protected":false},"author":4,"featured_media":0,"parent":35921,"menu_order":1,"comment_status":"closed","ping_status":"closed","template":"","meta":{"_acf_changed":false,"footnotes":""},"class_list":["post-35923","page","type-page","status-publish","hentry"],"acf":[],"_links":{"self":[{"href":"https:\/\/materia.se\/fr\/wp-json\/wp\/v2\/pages\/35923","targetHints":{"allow":["GET"]}}],"collection":[{"href":"https:\/\/materia.se\/fr\/wp-json\/wp\/v2\/pages"}],"about":[{"href":"https:\/\/materia.se\/fr\/wp-json\/wp\/v2\/types\/page"}],"author":[{"embeddable":true,"href":"https:\/\/materia.se\/fr\/wp-json\/wp\/v2\/users\/4"}],"replies":[{"embeddable":true,"href":"https:\/\/materia.se\/fr\/wp-json\/wp\/v2\/comments?post=35923"}],"version-history":[{"count":19,"href":"https:\/\/materia.se\/fr\/wp-json\/wp\/v2\/pages\/35923\/revisions"}],"predecessor-version":[{"id":56753,"href":"https:\/\/materia.se\/fr\/wp-json\/wp\/v2\/pages\/35923\/revisions\/56753"}],"up":[{"embeddable":true,"href":"https:\/\/materia.se\/fr\/wp-json\/wp\/v2\/pages\/35921"}],"wp:attachment":[{"href":"https:\/\/materia.se\/fr\/wp-json\/wp\/v2\/media?parent=35923"}],"curies":[{"name":"wp","href":"https:\/\/api.w.org\/{rel}","templated":true}]}}