{"id":35942,"date":"2015-03-30T12:09:48","date_gmt":"2015-03-30T11:09:48","guid":{"rendered":"http:\/\/materia.se\/newcomer\/"},"modified":"2023-08-18T12:23:25","modified_gmt":"2023-08-18T11:23:25","slug":"newcomer","status":"publish","type":"page","link":"https:\/\/materia.se\/fr\/newcomer\/","title":{"rendered":"Newcomer"},"content":{"rendered":"<p>Le monde du design regorge de jeunes talents prometteurs qui n&#8217;attendent qu&#8217;une chose : rencontrer leur public. R\u00e9compenser des \u00ab nouveaux venus \u00bb est notre fa\u00e7on de rendre hommage aux jeunes designers pleins d&#8217;audace. Nous choisissons chaque ann\u00e9e un gagnant dont nous estimons qu&#8217;une id\u00e9e m\u00e9rite de voir le jour et d&#8217;int\u00e9grer notre gamme. Pour nous chez Materia, ce prix est une fa\u00e7on de donner de l&#8217;entrain \u00e0 notre gamme et d&#8217;offrir une tribune internationale \u00e0 de jeunes designers pour qu&#8217;ils puissent se faire un nom dans un secteur extr\u00eamement concurrentiel. Le prix du nouveau venu est attribu\u00e9 tous les ans depuis 2006.Postulez d\u00e8s maintenant<\/p>\n<p><a href=\"http:\/\/materia.se\/fr\/50834\/\">D\u00e9couvrez le gagnant du prix \u201dNewcomer 2020\u201d ici.<\/a><\/p>\n<p>&nbsp;<\/p>\n","protected":false},"excerpt":{"rendered":"<p>Le monde du design regorge de jeunes talents prometteurs qui n&#8217;attendent qu&#8217;une chose : rencontrer leur public. R\u00e9compenser des \u00ab nouveaux venus \u00bb est notre fa\u00e7on de rendre hommage aux jeunes designers pleins d&#8217;audace. Nous choisissons chaque ann\u00e9e un gagnant dont nous estimons qu&#8217;une id\u00e9e m\u00e9rite de voir le jour et d&#8217;int\u00e9grer notre gamme. Pour [&hellip;]<\/p>\n","protected":false},"author":4,"featured_media":0,"parent":0,"menu_order":0,"comment_status":"closed","ping_status":"closed","template":"","meta":{"_acf_changed":false,"footnotes":""},"class_list":["post-35942","page","type-page","status-publish","hentry"],"acf":[],"_links":{"self":[{"href":"https:\/\/materia.se\/fr\/wp-json\/wp\/v2\/pages\/35942","targetHints":{"allow":["GET"]}}],"collection":[{"href":"https:\/\/materia.se\/fr\/wp-json\/wp\/v2\/pages"}],"about":[{"href":"https:\/\/materia.se\/fr\/wp-json\/wp\/v2\/types\/page"}],"author":[{"embeddable":true,"href":"https:\/\/materia.se\/fr\/wp-json\/wp\/v2\/users\/4"}],"replies":[{"embeddable":true,"href":"https:\/\/materia.se\/fr\/wp-json\/wp\/v2\/comments?post=35942"}],"version-history":[{"count":15,"href":"https:\/\/materia.se\/fr\/wp-json\/wp\/v2\/pages\/35942\/revisions"}],"predecessor-version":[{"id":69542,"href":"https:\/\/materia.se\/fr\/wp-json\/wp\/v2\/pages\/35942\/revisions\/69542"}],"wp:attachment":[{"href":"https:\/\/materia.se\/fr\/wp-json\/wp\/v2\/media?parent=35942"}],"curies":[{"name":"wp","href":"https:\/\/api.w.org\/{rel}","templated":true}]}}