{"id":35956,"date":"2016-10-04T12:40:10","date_gmt":"2016-10-04T11:40:10","guid":{"rendered":"http:\/\/materia.se\/om-materia\/design-moeter-material-2\/"},"modified":"2017-11-24T11:21:35","modified_gmt":"2017-11-24T10:21:35","slug":"coffret-de-materiaux","status":"publish","type":"page","link":"https:\/\/materia.se\/fr\/a-propos-de-materia\/coffret-de-materiaux\/","title":{"rendered":"La rencontre du design et des mat\u00e9riaux"},"content":{"rendered":"<p>Nous sommes tr\u00e8s fiers de vous pr\u00e9senter notre nouveau coffret de mat\u00e9riaux. Nous l&#8217;avons con\u00e7u pour qu&#8217;il devienne une \u00e9tape naturelle de votre processus de travail, vous apporte l&#8217;inspiration et vous permette d&#8217;imaginer plus facilement l&#8217;effet de nos finitions, bois et laques standard sur nos produits. Utilisez-le lorsque vous souhaitez comparer deux coloris, h\u00e9sitez entre deux mat\u00e9riaux ou voulez vous faire une id\u00e9e du rendu de deux structures. Il vous apportera le plus souvent une aide pr\u00e9cieuse. Gardez toutefois \u00e0 l&#8217;esprit que les couleurs peuvent varier en fonction du mat\u00e9riau sur lequel elles sont appliqu\u00e9es. Soyez particuli\u00e8rement attentif avec le bois\u00a0; c&#8217;est un mat\u00e9riau vivant.<\/p>\n<p>Si vous avez des questions, n&#8217;h\u00e9sitez pas \u00e0 nous contacter \u00e0 l&#8217;adresse order@materia.se ou \u00e0 vous adresser \u00e0 votre revendeur local.<\/p>\n<p>Om du har n\u00e5gra fr\u00e5gor \u00e4r du alltid v\u00e4lkommen att mejla oss p\u00e5\u00a0<a href=\"mailto:order@materia.se\">order@materia.se<\/a>\u00a0eller kontakta v\u00e5r <a href=\"http:\/\/materia.se\/avdelning\/order-och-saljsupport\/\">s\u00e4ljare i ditt distrikt<\/a>.<\/p>\n<p><img loading=\"lazy\" decoding=\"async\" class=\"size-full wp-image-17231 alignleft\" src=\"http:\/\/materia.se\/wp-content\/uploads\/2016\/09\/materia_materialbox.jpg\" alt=\"materia_materialbox\" width=\"630\" height=\"300\" srcset=\"https:\/\/materia.se\/wp-content\/uploads\/2016\/09\/materia_materialbox.jpg 630w, https:\/\/materia.se\/wp-content\/uploads\/2016\/09\/materia_materialbox-300x143.jpg 300w, https:\/\/materia.se\/wp-content\/uploads\/2016\/09\/materia_materialbox-500x238.jpg 500w\" sizes=\"auto, (max-width: 630px) 100vw, 630px\" \/><\/p>\n<p>&nbsp;<\/p>\n<iframe src=\"\/\/docs.google.com\/viewer?url=http%3A%2F%2Fmateria.se%2Fwp-content%2Fuploads%2F2016%2F09%2FMaterialbox_metallprover_06_se.pdf&hl=sv&embedded=true\" class=\"gde-frame\" style=\"width:100%; height:500px; border: none;\" scrolling=\"no\"><\/iframe>\n<p class=\"gde-text\"><a href=\"http:\/\/materia.se\/wp-content\/uploads\/2016\/09\/Materialbox_metallprover_06_se.pdf\" class=\"gde-link\">Download (PDF, Inconnu)<\/a><\/p>\n","protected":false},"excerpt":{"rendered":"<p>Nous sommes tr\u00e8s fiers de vous pr\u00e9senter notre nouveau coffret de mat\u00e9riaux. Nous l&#8217;avons con\u00e7u pour qu&#8217;il devienne une \u00e9tape naturelle de votre processus de travail, vous apporte l&#8217;inspiration et vous permette d&#8217;imaginer plus facilement l&#8217;effet de nos finitions, bois et laques standard sur nos produits. Utilisez-le lorsque vous souhaitez comparer deux coloris, h\u00e9sitez entre [&hellip;]<\/p>\n","protected":false},"author":4,"featured_media":0,"parent":35921,"menu_order":0,"comment_status":"closed","ping_status":"closed","template":"","meta":{"_acf_changed":false,"footnotes":""},"class_list":["post-35956","page","type-page","status-publish","hentry"],"acf":[],"_links":{"self":[{"href":"https:\/\/materia.se\/fr\/wp-json\/wp\/v2\/pages\/35956","targetHints":{"allow":["GET"]}}],"collection":[{"href":"https:\/\/materia.se\/fr\/wp-json\/wp\/v2\/pages"}],"about":[{"href":"https:\/\/materia.se\/fr\/wp-json\/wp\/v2\/types\/page"}],"author":[{"embeddable":true,"href":"https:\/\/materia.se\/fr\/wp-json\/wp\/v2\/users\/4"}],"replies":[{"embeddable":true,"href":"https:\/\/materia.se\/fr\/wp-json\/wp\/v2\/comments?post=35956"}],"version-history":[{"count":7,"href":"https:\/\/materia.se\/fr\/wp-json\/wp\/v2\/pages\/35956\/revisions"}],"predecessor-version":[{"id":35977,"href":"https:\/\/materia.se\/fr\/wp-json\/wp\/v2\/pages\/35956\/revisions\/35977"}],"up":[{"embeddable":true,"href":"https:\/\/materia.se\/fr\/wp-json\/wp\/v2\/pages\/35921"}],"wp:attachment":[{"href":"https:\/\/materia.se\/fr\/wp-json\/wp\/v2\/media?parent=35956"}],"curies":[{"name":"wp","href":"https:\/\/api.w.org\/{rel}","templated":true}]}}