{"id":35957,"date":"2015-07-01T13:53:00","date_gmt":"2015-07-01T12:53:00","guid":{"rendered":"http:\/\/materia.se\/om-materia\/logotype\/"},"modified":"2020-11-26T11:40:46","modified_gmt":"2020-11-26T10:40:46","slug":"logo","status":"publish","type":"page","link":"https:\/\/materia.se\/fr\/a-propos-de-materia\/logo\/","title":{"rendered":"Logo"},"content":{"rendered":"<p><center> <a href=\"http:\/\/materia.se\/wp-content\/uploads\/2020\/11\/Materia_logo_80-grey.jpg\"><img loading=\"lazy\" decoding=\"async\" src=\"http:\/\/materia.se\/wp-content\/uploads\/2020\/11\/Materia_logo_80-grey-300x63.jpg\" alt=\"\" width=\"300\" height=\"63\" class=\"alignnone size-medium wp-image-54351\" \/><\/a>&nbsp;<br \/>\nLe logo est le symbole de notre marque. Et comme tout ce qui porte notre nom, il influence la perception de notre entreprise. Le logo a \u00e9t\u00e9 cr\u00e9\u00e9 par Lars Hansson, le directeur artistique. Il a choisi d&#8217;utiliser un pinceau japonais pour le r\u00e9aliser. La forme unique qui en r\u00e9sulte sous-entend sa r\u00e9alisation \u00e0 la main.<\/p>\n","protected":false},"excerpt":{"rendered":"<p>&nbsp; Le logo est le symbole de notre marque. Et comme tout ce qui porte notre nom, il influence la perception de notre entreprise. Le logo a \u00e9t\u00e9 cr\u00e9\u00e9 par Lars Hansson, le directeur artistique. Il a choisi d&#8217;utiliser un pinceau japonais pour le r\u00e9aliser. La forme unique qui en r\u00e9sulte sous-entend sa r\u00e9alisation \u00e0 [&hellip;]<\/p>\n","protected":false},"author":4,"featured_media":0,"parent":35921,"menu_order":0,"comment_status":"closed","ping_status":"closed","template":"","meta":{"_acf_changed":false,"footnotes":""},"class_list":["post-35957","page","type-page","status-publish","hentry"],"acf":[],"_links":{"self":[{"href":"https:\/\/materia.se\/fr\/wp-json\/wp\/v2\/pages\/35957","targetHints":{"allow":["GET"]}}],"collection":[{"href":"https:\/\/materia.se\/fr\/wp-json\/wp\/v2\/pages"}],"about":[{"href":"https:\/\/materia.se\/fr\/wp-json\/wp\/v2\/types\/page"}],"author":[{"embeddable":true,"href":"https:\/\/materia.se\/fr\/wp-json\/wp\/v2\/users\/4"}],"replies":[{"embeddable":true,"href":"https:\/\/materia.se\/fr\/wp-json\/wp\/v2\/comments?post=35957"}],"version-history":[{"count":5,"href":"https:\/\/materia.se\/fr\/wp-json\/wp\/v2\/pages\/35957\/revisions"}],"predecessor-version":[{"id":54359,"href":"https:\/\/materia.se\/fr\/wp-json\/wp\/v2\/pages\/35957\/revisions\/54359"}],"up":[{"embeddable":true,"href":"https:\/\/materia.se\/fr\/wp-json\/wp\/v2\/pages\/35921"}],"wp:attachment":[{"href":"https:\/\/materia.se\/fr\/wp-json\/wp\/v2\/media?parent=35957"}],"curies":[{"name":"wp","href":"https:\/\/api.w.org\/{rel}","templated":true}]}}