{"id":35958,"date":"2014-01-25T09:47:58","date_gmt":"2014-01-25T08:47:58","guid":{"rendered":"http:\/\/materia.se\/om-materia\/hallbarhet\/"},"modified":"2025-11-14T15:02:33","modified_gmt":"2025-11-14T14:02:33","slug":"durabilite","status":"publish","type":"page","link":"https:\/\/materia.se\/fr\/a-propos-de-materia\/durabilite\/","title":{"rendered":"Durabilit\u00e9"},"content":{"rendered":"<p><center><big>Nous nous sommes donn\u00e9s pour mission de cr\u00e9er des produits au design innovant. Mais nous avons \u00e9galement pris un engagement fort en mati\u00e8re d&#8217;environnement et de responsabilit\u00e9 sociale. Un moyen simple de pr\u00e9server notre environnement consiste \u00e0 opter pour des fournisseurs locaux, et \u00e0 ainsi r\u00e9duire les distances d&#8217;acheminement.<\/big><\/center><br \/>\nNotre priorit\u00e9 est d&#8217;inventer un design innovant et de lui donner vie sans compromis dans notre usine de Tran\u00e5s. Mais nous avons \u00e9galement pris un engagement fort en mati\u00e8re d&#8217;environnement et de responsabilit\u00e9 sociale. Un moyen simple de pr\u00e9server notre environnement consiste \u00e0 opter pour des fournisseurs locaux, et \u00e0 ainsi r\u00e9duire les distances d&#8217;acheminement.Nous le faisons toujours lorsque cela est possible. La certification M\u00f6belfakta requiert un travail bien plus complexe. Elle impose en effet que nos conditions de fabrication et celles de nos fournisseurs et sous-traitants remplissent certains crit\u00e8res relatifs aux salaires et \u00e0 l&#8217;environnement de travail. Nous accordons beaucoup d&#8217;importance \u00e0 ces questions et sommes donc particuli\u00e8rement exigeants lorsqu&#8217;il s&#8217;agit de v\u00e9rifier que nos fournisseurs \u2013 \u00e0 la fois en Su\u00e8de et \u00e0 l&#8217;\u00e9tranger \u2013 respectent les r\u00e8gles applicables.<\/p>\n<p>Nous sommes \u00e9galement certifi\u00e9s ISO 9001 et ISO 14001, comme le sont d&#8217;ailleurs la plupart des entreprises de notre secteur. Nous nous distinguons en revanche de nos concurrents par notre certification FSC\u00ae (Forest Stewardship Council). Le label FSC signifie que le bois utilis\u00e9 dans la fabrication de nos meubles est issu de for\u00eats g\u00e9r\u00e9es de fa\u00e7on responsable. Nous ne touchons pas aux for\u00eats menac\u00e9es et n&#8217;abattons jamais d&#8217;arbres pr\u00e9cieux pour la biodiversit\u00e9. Cette certification r\u00e9gule tous les maillons de la cha\u00eene, du respect de la faune et de la flore aux conditions de travail des employ\u00e9s charg\u00e9s de l&#8217;abattage, du sciage et de la logistique du bois. Chaque \u00e9tape est v\u00e9rifi\u00e9e par FSC\u00ae afin que vous sachiez toujours \u00e0 quoi vous attendre lorsque vous achetez un produit certifi\u00e9.<\/p>\n<p>Enfin, nous sommes fiers de r\u00e9pondre aux exigences d&#8217;ISO 45001. Cette certification internationale relative \u00e0 la s\u00e9curit\u00e9 et \u00e0 la sant\u00e9 au travail atteste de notre respect de toute la l\u00e9gislation en vigueur applicable \u00e0 l&#8217;environnement de travail et de notre travail actif en faveur de l&#8217;engagement, du bien-\u00eatre et de la s\u00e9curit\u00e9 de notre personnel. Elle comprend \u00e9galement un audit de notre syst\u00e8me de gestion qui nous aide \u00e0 d\u00e9velopper notre activit\u00e9 et \u00e0 offrir \u00e0 nos employ\u00e9s un lieu de travail d&#8217;encore meilleure qualit\u00e9.<\/p>\n<p><b>Certification, politique &amp; entretien:<\/b><\/p>\n<p><a href=\"http:\/\/materia.se\/wp-content\/uploads\/2025\/04\/Kinnarps-Materia-AB-9K-14K.pdf\">ISO 9001 et ISO 14001<\/a><br \/>\n<a href=\"http:\/\/materia.se\/wp-content\/uploads\/2025\/04\/Kinnarps-AB-45k-2025-sve.pdf\">ISO 45001<\/a><br \/>\n<a href=\"http:\/\/materia.se\/wp-content\/uploads\/2025\/11\/Kinnarps-AB-BV-COC-051206-2025.pdf\">FSC\u00ae<\/a><br \/>\n<a href=\"http:\/\/materia.se\/wp-content\/uploads\/2019\/09\/MATERIA-Politique-de-durabilit\u00e9-3.0-FR.pdf\">Politique de durabilit\u00e9<\/a><br \/>\n<a href=\"http:\/\/materia.se\/fr\/a-propos-de-materia\/durabilite\/materia-re-loved\/\">Materia re-loved<\/a><br \/>\n<a href=\"http:\/\/materia.se\/we-support-the-sustainable-development-goals\/\">Sustainable Development Goals<\/a><br \/>\n<a href=\"http:\/\/materia.se\/wp-content\/uploads\/2020\/10\/sk\u00f6tselr\u00e5d_ENG.pdf\">Conseils d\u2019entretien (anglais)<\/a><\/p>\n<p><b>Produits certifi\u00e9s :<\/b><br \/>\n(cliquez sur le logo pour voir tous les produits certifi\u00e9s)<\/p>\n<p><a href=\"http:\/\/materia.se\/fr\/produktmarkning\/fsc-fr\/\"><img loading=\"lazy\" decoding=\"async\" class=\"alignnone wp-image-61754\" src=\"http:\/\/materia.se\/wp-content\/uploads\/2021\/10\/FSC_C010544_Promotional_with_text_Portrait_BlackOnWhite_r_6FCIIT-300x300.jpg\" alt=\"\" width=\"250\" height=\"250\" srcset=\"https:\/\/materia.se\/wp-content\/uploads\/2021\/10\/FSC_C010544_Promotional_with_text_Portrait_BlackOnWhite_r_6FCIIT-300x300.jpg 300w, https:\/\/materia.se\/wp-content\/uploads\/2021\/10\/FSC_C010544_Promotional_with_text_Portrait_BlackOnWhite_r_6FCIIT-150x150.jpg 150w, https:\/\/materia.se\/wp-content\/uploads\/2021\/10\/FSC_C010544_Promotional_with_text_Portrait_BlackOnWhite_r_6FCIIT-210x210.jpg 210w, https:\/\/materia.se\/wp-content\/uploads\/2021\/10\/FSC_C010544_Promotional_with_text_Portrait_BlackOnWhite_r_6FCIIT-125x125.jpg 125w, https:\/\/materia.se\/wp-content\/uploads\/2021\/10\/FSC_C010544_Promotional_with_text_Portrait_BlackOnWhite_r_6FCIIT-70x70.jpg 70w, https:\/\/materia.se\/wp-content\/uploads\/2021\/10\/FSC_C010544_Promotional_with_text_Portrait_BlackOnWhite_r_6FCIIT-40x40.jpg 40w, https:\/\/materia.se\/wp-content\/uploads\/2021\/10\/FSC_C010544_Promotional_with_text_Portrait_BlackOnWhite_r_6FCIIT.jpg 450w\" sizes=\"auto, (max-width: 250px) 100vw, 250px\" \/><\/a><a href=\"https:\/\/materia.se\/fr\/produktmarkning\/mobelfakta-fr\/\"><img loading=\"lazy\" decoding=\"async\" class=\"alignnone size-medium wp-image-76726\" src=\"http:\/\/materia.se\/wp-content\/uploads\/2025\/10\/Mobelfakta_Logo_2025_svart-300x34.png\" alt=\"\" width=\"300\" height=\"34\" srcset=\"https:\/\/materia.se\/wp-content\/uploads\/2025\/10\/Mobelfakta_Logo_2025_svart-300x34.png 300w, https:\/\/materia.se\/wp-content\/uploads\/2025\/10\/Mobelfakta_Logo_2025_svart-1024x116.png 1024w, https:\/\/materia.se\/wp-content\/uploads\/2025\/10\/Mobelfakta_Logo_2025_svart-768x87.png 768w, https:\/\/materia.se\/wp-content\/uploads\/2025\/10\/Mobelfakta_Logo_2025_svart-1536x174.png 1536w, https:\/\/materia.se\/wp-content\/uploads\/2025\/10\/Mobelfakta_Logo_2025_svart-2048x232.png 2048w, https:\/\/materia.se\/wp-content\/uploads\/2025\/10\/Mobelfakta_Logo_2025_svart-640x72.png 640w, https:\/\/materia.se\/wp-content\/uploads\/2025\/10\/Mobelfakta_Logo_2025_svart-500x57.png 500w\" sizes=\"auto, (max-width: 300px) 100vw, 300px\" \/><\/a><\/p>\n","protected":false},"excerpt":{"rendered":"<p>Nous nous sommes donn\u00e9s pour mission de cr\u00e9er des produits au design innovant. Mais nous avons \u00e9galement pris un engagement fort en mati\u00e8re d&#8217;environnement et de responsabilit\u00e9 sociale. Un moyen simple de pr\u00e9server notre environnement consiste \u00e0 opter pour des fournisseurs locaux, et \u00e0 ainsi r\u00e9duire les distances d&#8217;acheminement. Notre priorit\u00e9 est d&#8217;inventer un design [&hellip;]<\/p>\n","protected":false},"author":4,"featured_media":0,"parent":35921,"menu_order":2,"comment_status":"closed","ping_status":"closed","template":"","meta":{"_acf_changed":false,"footnotes":""},"class_list":["post-35958","page","type-page","status-publish","hentry"],"acf":[],"_links":{"self":[{"href":"https:\/\/materia.se\/fr\/wp-json\/wp\/v2\/pages\/35958","targetHints":{"allow":["GET"]}}],"collection":[{"href":"https:\/\/materia.se\/fr\/wp-json\/wp\/v2\/pages"}],"about":[{"href":"https:\/\/materia.se\/fr\/wp-json\/wp\/v2\/types\/page"}],"author":[{"embeddable":true,"href":"https:\/\/materia.se\/fr\/wp-json\/wp\/v2\/users\/4"}],"replies":[{"embeddable":true,"href":"https:\/\/materia.se\/fr\/wp-json\/wp\/v2\/comments?post=35958"}],"version-history":[{"count":30,"href":"https:\/\/materia.se\/fr\/wp-json\/wp\/v2\/pages\/35958\/revisions"}],"predecessor-version":[{"id":77015,"href":"https:\/\/materia.se\/fr\/wp-json\/wp\/v2\/pages\/35958\/revisions\/77015"}],"up":[{"embeddable":true,"href":"https:\/\/materia.se\/fr\/wp-json\/wp\/v2\/pages\/35921"}],"wp:attachment":[{"href":"https:\/\/materia.se\/fr\/wp-json\/wp\/v2\/media?parent=35958"}],"curies":[{"name":"wp","href":"https:\/\/api.w.org\/{rel}","templated":true}]}}