{"id":35960,"date":"2014-01-25T09:57:42","date_gmt":"2014-01-25T08:57:42","guid":{"rendered":"http:\/\/materia.se\/om-materia\/broschyrer\/"},"modified":"2024-04-02T08:22:41","modified_gmt":"2024-04-02T07:22:41","slug":"brochures","status":"publish","type":"page","link":"https:\/\/materia.se\/fr\/a-propos-de-materia\/brochures\/","title":{"rendered":"Brochures"},"content":{"rendered":"<p><center>Merci de votre int\u00e9r\u00eat pour nos brochures. Cliquez sur celle que vous souhaitez lire. Pour l&#8217;enregistrer au format PDF, cliquez sur le symbole de t\u00e9l\u00e9chargement et s\u00e9lectionnez l&#8217;endroit o\u00f9 vous voulez la sauvegarder. (Si vous souhaitez des brochures imprim\u00e9es, n&#8217;h\u00e9sitez pas \u00e0 nous le faire savoir par e-mail ou au +46 140-38 56 00\u00a0; nous vous les enverrons par courrier.)<\/center>&nbsp;<\/p>\n<p><center><\/center><center><iframe style=\"border: none; width: 400px; height: 300px;\" src=\"https:\/\/e.issuu.com\/embed.html?backgroundColor=%23ededed&amp;backgroundColorFullscreen=%23ededed&amp;d=materia_inspiring_educational_environments&amp;hideIssuuLogo=true&amp;u=materia_ab\"><span data-mce-type=\"bookmark\" style=\"display: inline-block; width: 0px; overflow: hidden; line-height: 0;\" class=\"mce_SELRES_start\">\ufeff<\/span><span data-mce-type=\"bookmark\" style=\"display: inline-block; width: 0px; overflow: hidden; line-height: 0;\" class=\"mce_SELRES_start\">\ufeff<\/span><span data-mce-type=\"bookmark\" style=\"display: inline-block; width: 0px; overflow: hidden; line-height: 0;\" class=\"mce_SELRES_start\">\ufeff<\/span><span data-mce-type=\"bookmark\" style=\"display: inline-block; width: 0px; overflow: hidden; line-height: 0;\" class=\"mce_SELRES_start\">\ufeff<\/span><span data-mce-type=\"bookmark\" style=\"display: inline-block; width: 0px; overflow: hidden; line-height: 0;\" class=\"mce_SELRES_start\">\ufeff<\/span><\/iframe><\/center><center><strong><a href=\"http:\/\/materia.se\/wp-content\/uploads\/2024\/04\/MATERIA_Inspiring-educational-environments-1.pdf\"><i>Download<\/i><\/a><\/strong><\/center><\/p>\n<p><center><iframe style=\"border: none; width: 400px; height: 300px;\" src=\"https:\/\/e.issuu.com\/embed.html?backgroundColor=%23ededed&amp;backgroundColorFullscreen=%23ededed&amp;d=materia_palette_soho_855x148_fr&amp;hideIssuuLogo=true&amp;u=materia_ab\"><span data-mce-type=\"bookmark\" style=\"display: inline-block; width: 0px; overflow: hidden; line-height: 0;\" class=\"mce_SELRES_start\">\ufeff<\/span><span data-mce-type=\"bookmark\" style=\"display: inline-block; width: 0px; overflow: hidden; line-height: 0;\" class=\"mce_SELRES_start\">\ufeff<\/span><span data-mce-type=\"bookmark\" style=\"display: inline-block; width: 0px; overflow: hidden; line-height: 0;\" class=\"mce_SELRES_start\">\ufeff<\/span><\/iframe><\/center><center><strong><a href=\"http:\/\/materia.se\/wp-content\/uploads\/2024\/03\/Materia_Palette_Soho_855x148_FR.pdf\"><i>Download<\/i><\/a><\/strong><\/center><\/p>\n<p><center><iframe style=\"border: none; width: 400px; height: 300px;\" src=\"https:\/\/e.issuu.com\/embed.html?backgroundColor=%23ededed&amp;backgroundColorFullscreen=%23ededed&amp;d=materia_brochure_nouveaut_s_de_printemps_2023&amp;hideIssuuLogo=true&amp;u=materia_ab\"><span data-mce-type=\"bookmark\" style=\"display: inline-block; width: 0px; overflow: hidden; line-height: 0;\" class=\"mce_SELRES_start\">\ufeff<\/span><span data-mce-type=\"bookmark\" style=\"display: inline-block; width: 0px; overflow: hidden; line-height: 0;\" class=\"mce_SELRES_start\">\ufeff<\/span><\/iframe><\/center><center><strong><a href=\"http:\/\/materia.se\/wp-content\/uploads\/2023\/02\/MATERIA_Brochure_nouveaut\u00e9s-de-printemps-2023.pdf\"><i>Download<\/i><\/a><\/strong><\/center><\/p>\n<p><center><iframe style=\"border: none; width: 400px; height: 300px;\" src=\"https:\/\/e.issuu.com\/embed.html?backgroundColor=%23ebebeb&amp;backgroundColorFullscreen=%23ebebeb&amp;d=oas_broschyr_2022_fr&amp;hideIssuuLogo=true&amp;u=materia_ab\"><span data-mce-type=\"bookmark\" style=\"display: inline-block; width: 0px; overflow: hidden; line-height: 0;\" class=\"mce_SELRES_start\">\ufeff<\/span><\/iframe><\/center><center><strong><a href=\"http:\/\/materia.se\/wp-content\/uploads\/2023\/02\/MATERIA_Oas-brochure-2022_FR.pdf\"><i>Download<\/i><\/a><\/strong><\/center><\/p>\n<p><center><iframe style=\"border: none; width: 400px; height: 300px;\" src=\"https:\/\/e.issuu.com\/embed.html?backgroundColor=%23E6E6E6&amp;backgroundColorFullscreen=%23E6E6E6&amp;d=materia_overview_collection_2022_en&amp;hideIssuuLogo=true&amp;u=materia_ab\"><\/iframe><\/center><center><strong><a href=\"http:\/\/materia.se\/wp-content\/uploads\/2022\/04\/Materia_overview_collection_2022_EN.pdf\"><i>Download<\/i><\/a><\/strong><\/center><\/p>\n<p><center><iframe style=\"border: none; width: 400px; height: 300px;\" src=\"https:\/\/e.issuu.com\/embed.html?backgroundColor=%23E6E6E6&amp;backgroundColorFullscreen=%23E6E6E6&amp;d=veckla_h_stnyheter_2021_en&amp;hideIssuuLogo=true&amp;u=materia_ab\"><\/iframe><br \/>\n<strong><em><a href=\"http:\/\/materia.se\/wp-content\/uploads\/2021\/10\/MATERIA-new-products-autumn-2021.pdf\" target=\"_blank\" rel=\"noopener noreferrer\">Download<\/a><\/em><\/strong><\/center><\/p>\n<p><center><iframe style=\"border: none; width: 400px; height: 300px;\" src=\"\/\/e.issuu.com\/embed.html?backgroundColor=%23E6E6E6&amp;backgroundColorFullscreen=%23E6E6E6&amp;d=nouveaut_s_2021&amp;hideIssuuLogo=true&amp;u=materia_ab\" allowfullscreen=\"allowfullscreen\"><\/iframe><br \/>\n<strong><em><a href=\"http:\/\/materia.se\/wp-content\/uploads\/2021\/04\/MATERIA-Nouveaut\u00e9s-2021-1.pdf\" target=\"_blank\" rel=\"noopener noreferrer\">Download<\/a><\/em><\/strong><\/center><\/p>\n<p><center><iframe style=\"border: none; width: 400px; height: 300px;\" src=\"\/\/e.issuu.com\/embed.html?backgroundColor=%23E6E6E6&amp;backgroundColorFullscreen=%23E6E6E6&amp;d=materia_nouveaut_s_2020&amp;hideIssuuLogo=true&amp;u=materia_ab\" allowfullscreen=\"allowfullscreen\"><\/iframe><br \/>\n<strong><em><a href=\"http:\/\/materia.se\/wp-content\/uploads\/2020\/03\/Materia_Nouveaut\u00e9s-2020.pdf\" target=\"_blank\" rel=\"noopener noreferrer\">Download<\/a><\/em><\/strong><\/center><\/p>\n<p><center><iframe style=\"border: none; width: 400px; height: 300px;\" src=\"\/\/e.issuu.com\/embed.html?backgroundColor=%23E6E6E6&amp;backgroundColorFullscreen=%23E6E6E6&amp;d=materia_colours_by_materia_en&amp;hideIssuuLogo=true&amp;u=materia_ab\" allowfullscreen=\"allowfullscreen\"><\/iframe><br \/>\n<strong><em><a href=\"http:\/\/materia.se\/wp-content\/uploads\/2021\/04\/MATERIA_CbM_en.pdf\" target=\"_blank\" rel=\"noopener noreferrer\">Download<\/a><\/em><\/strong><\/center><\/p>\n<p><center><iframe style=\"border: none; width: 400px; height: 300px;\" src=\"\/\/e.issuu.com\/embed.html?backgroundColor=%23E6E6E6&amp;backgroundColorFullscreen=%23E6E6E6&amp;d=materia_newcomer_2020_en&amp;hideIssuuLogo=true&amp;u=materia_ab\" allowfullscreen=\"allowfullscreen\"><\/iframe><br \/>\n<strong><em><a href=\"http:\/\/materia.se\/wp-content\/uploads\/2020\/03\/Materia_Newcomer-2020_en.pdf\" target=\"_blank\" rel=\"noopener noreferrer\">Download<\/a><\/em><\/strong><\/center>&nbsp;<\/p>\n","protected":false},"excerpt":{"rendered":"<p>Merci de votre int\u00e9r\u00eat pour nos brochures. Cliquez sur celle que vous souhaitez lire. Pour l&#8217;enregistrer au format PDF, cliquez sur le symbole de t\u00e9l\u00e9chargement et s\u00e9lectionnez l&#8217;endroit o\u00f9 vous voulez la sauvegarder. (Si vous souhaitez des brochures imprim\u00e9es, n&#8217;h\u00e9sitez pas \u00e0 nous le faire savoir par e-mail ou au +46 140-38 56 00\u00a0; nous [&hellip;]<\/p>\n","protected":false},"author":4,"featured_media":0,"parent":35921,"menu_order":5,"comment_status":"closed","ping_status":"closed","template":"","meta":{"_acf_changed":false,"footnotes":""},"class_list":["post-35960","page","type-page","status-publish","hentry"],"acf":[],"_links":{"self":[{"href":"https:\/\/materia.se\/fr\/wp-json\/wp\/v2\/pages\/35960","targetHints":{"allow":["GET"]}}],"collection":[{"href":"https:\/\/materia.se\/fr\/wp-json\/wp\/v2\/pages"}],"about":[{"href":"https:\/\/materia.se\/fr\/wp-json\/wp\/v2\/types\/page"}],"author":[{"embeddable":true,"href":"https:\/\/materia.se\/fr\/wp-json\/wp\/v2\/users\/4"}],"replies":[{"embeddable":true,"href":"https:\/\/materia.se\/fr\/wp-json\/wp\/v2\/comments?post=35960"}],"version-history":[{"count":32,"href":"https:\/\/materia.se\/fr\/wp-json\/wp\/v2\/pages\/35960\/revisions"}],"predecessor-version":[{"id":72244,"href":"https:\/\/materia.se\/fr\/wp-json\/wp\/v2\/pages\/35960\/revisions\/72244"}],"up":[{"embeddable":true,"href":"https:\/\/materia.se\/fr\/wp-json\/wp\/v2\/pages\/35921"}],"wp:attachment":[{"href":"https:\/\/materia.se\/fr\/wp-json\/wp\/v2\/media?parent=35960"}],"curies":[{"name":"wp","href":"https:\/\/api.w.org\/{rel}","templated":true}]}}