{"id":69607,"date":"2023-09-04T19:48:27","date_gmt":"2023-09-04T18:48:27","guid":{"rendered":"http:\/\/materia.se\/a-propos-de-materia\/durabilite\/materia-re-loved\/"},"modified":"2023-12-11T15:15:54","modified_gmt":"2023-12-11T14:15:54","slug":"materia-re-loved","status":"publish","type":"page","link":"https:\/\/materia.se\/fr\/a-propos-de-materia\/durabilite\/materia-re-loved\/","title":{"rendered":"Materia re-loved"},"content":{"rendered":"<p>Nous sommes tr\u00e8s fiers de vous pr\u00e9senter \u00ab Materia Re-Loved \u00bb &#8211; un projet de r\u00e9cup\u00e9ration unique o\u00f9 nous proposons de reprendre les meubles Materia pour les restaurer. Ensuite le produit obtient notre propre \u00e9tiquette verte qui marque qu\u2019il est inclus dans le travail \u00e0 long terme de Materia sur le d\u00e9veloppement durable. La dur\u00e9e de garantie est \u00e9videmment la m\u00eame que pour les produits nouvellement fabriqu\u00e9s, cinq ans, et s\u2019applique \u00e0 notre travail effectu\u00e9. Avec \u00ab Materia Re-Loved \u00bb nous ne prolongeons pas seulement le cycle de vie du produit, mais nous contribuons \u00e9galement \u00e0 un meilleur environnement et \u00e0 un avenir durable.<\/p>\n<p>Les produits inclus dans le projet de r\u00e9cup\u00e9ration \u00ab Materia Re-Loved \u00bb sp\u00e9cifi\u00e9s <a href=\"http:\/\/materia.se\/fr\/produktmarkning\/materia-re-loved-fr\/\"><strong>ici.<\/strong><\/a><br \/>\nSi vous avez un projet que vous pensez convient pour \u00ab Materia Re-Loved \u00bb, envoyez-nous un mail \u00e0 re-loved@materia.se ou contactez notre service commercial.<\/p>\n<p><a href=\"http:\/\/materia.se\/wp-content\/uploads\/2023\/12\/MATERIA-re-loved.jpg\"><img loading=\"lazy\" decoding=\"async\" class=\"alignnone wp-image-70590 size-full\" src=\"http:\/\/materia.se\/wp-content\/uploads\/2023\/12\/MATERIA-re-loved.jpg\" alt=\"\" width=\"1200\" height=\"1000\" srcset=\"https:\/\/materia.se\/wp-content\/uploads\/2023\/12\/MATERIA-re-loved.jpg 1200w, https:\/\/materia.se\/wp-content\/uploads\/2023\/12\/MATERIA-re-loved-300x250.jpg 300w, https:\/\/materia.se\/wp-content\/uploads\/2023\/12\/MATERIA-re-loved-1024x853.jpg 1024w, https:\/\/materia.se\/wp-content\/uploads\/2023\/12\/MATERIA-re-loved-768x640.jpg 768w, https:\/\/materia.se\/wp-content\/uploads\/2023\/12\/MATERIA-re-loved-640x533.jpg 640w, https:\/\/materia.se\/wp-content\/uploads\/2023\/12\/MATERIA-re-loved-500x417.jpg 500w\" sizes=\"auto, (max-width: 1200px) 100vw, 1200px\" \/><\/a><\/p>\n","protected":false},"excerpt":{"rendered":"<p>Nous sommes tr\u00e8s fiers de vous pr\u00e9senter \u00ab Materia Re-Loved \u00bb &#8211; un projet de r\u00e9cup\u00e9ration unique o\u00f9 nous proposons de reprendre les meubles Materia pour les restaurer. Ensuite le produit obtient notre propre \u00e9tiquette verte qui marque qu\u2019il est inclus dans le travail \u00e0 long terme de Materia sur le d\u00e9veloppement durable. La dur\u00e9e [&hellip;]<\/p>\n","protected":false},"author":10,"featured_media":0,"parent":35958,"menu_order":0,"comment_status":"closed","ping_status":"closed","template":"","meta":{"_acf_changed":false,"footnotes":""},"class_list":["post-69607","page","type-page","status-publish","hentry"],"acf":[],"_links":{"self":[{"href":"https:\/\/materia.se\/fr\/wp-json\/wp\/v2\/pages\/69607","targetHints":{"allow":["GET"]}}],"collection":[{"href":"https:\/\/materia.se\/fr\/wp-json\/wp\/v2\/pages"}],"about":[{"href":"https:\/\/materia.se\/fr\/wp-json\/wp\/v2\/types\/page"}],"author":[{"embeddable":true,"href":"https:\/\/materia.se\/fr\/wp-json\/wp\/v2\/users\/10"}],"replies":[{"embeddable":true,"href":"https:\/\/materia.se\/fr\/wp-json\/wp\/v2\/comments?post=69607"}],"version-history":[{"count":3,"href":"https:\/\/materia.se\/fr\/wp-json\/wp\/v2\/pages\/69607\/revisions"}],"predecessor-version":[{"id":70594,"href":"https:\/\/materia.se\/fr\/wp-json\/wp\/v2\/pages\/69607\/revisions\/70594"}],"up":[{"embeddable":true,"href":"https:\/\/materia.se\/fr\/wp-json\/wp\/v2\/pages\/35958"}],"wp:attachment":[{"href":"https:\/\/materia.se\/fr\/wp-json\/wp\/v2\/media?parent=69607"}],"curies":[{"name":"wp","href":"https:\/\/api.w.org\/{rel}","templated":true}]}}